{"id":2063,"date":"2024-03-15T14:59:16","date_gmt":"2024-03-15T14:59:16","guid":{"rendered":"https:\/\/floryraiz.com\/quienes-somos\/"},"modified":"2025-05-21T08:02:58","modified_gmt":"2025-05-21T08:02:58","slug":"quienes-somos","status":"publish","type":"page","link":"https:\/\/floryraiz.com\/es\/quienes-somos\/","title":{"rendered":"Qui\u00e9nes somos"},"content":{"rendered":"\t\t<div data-elementor-type=\"wp-page\" data-elementor-id=\"2063\" class=\"elementor elementor-2063 elementor-77\" data-elementor-post-type=\"page\">\n\t\t\t\t<div class=\"wd-negative-gap elementor-element elementor-element-f512870 e-flex e-con-boxed e-con e-parent\" data-id=\"f512870\" data-element_type=\"container\" data-e-type=\"container\">\n\t\t\t\t\t<div class=\"e-con-inner\">\n\t\t<div class=\"elementor-element elementor-element-769b672 e-con-full e-flex e-con e-child\" data-id=\"769b672\" data-element_type=\"container\" data-e-type=\"container\">\n\t\t\t\t<div class=\"elementor-element elementor-element-618ad1e wd-width-100 elementor-widget elementor-widget-wd_title\" data-id=\"618ad1e\" data-element_type=\"widget\" data-e-type=\"widget\" data-widget_type=\"wd_title.default\">\n\t\t\t\t<div class=\"elementor-widget-container\">\n\t\t\t\t\t\t\t<div class=\"title-wrapper wd-set-mb reset-last-child wd-title-color-default wd-title-style-default wd-title-size-default text-left\">\n\n\t\t\t\n\t\t\t<div class=\"liner-continer\">\n\t\t\t\t<h4 class=\"woodmart-title-container title wd-fontsize-l\">Flor y Ra\u00edz: Donde la Esencia de la Naturaleza Florece desde las Ra\u00edces.<\/h4> \n\t\t\t\t\t\t\t<\/div>\n\n\t\t\t\t\t<\/div>\n\t\t\t\t\t\t<\/div>\n\t\t\t\t<\/div>\n\t\t\t\t<div class=\"elementor-element elementor-element-2ed134e elementor-widget elementor-widget-wd_text_block\" data-id=\"2ed134e\" data-element_type=\"widget\" data-e-type=\"widget\" data-widget_type=\"wd_text_block.default\">\n\t\t\t\t<div class=\"elementor-widget-container\">\n\t\t\t\t\t\t\t<div class=\"wd-text-block reset-last-child text-left\">\n\t\t\t\n\t\t\tFundada en Espa\u00f1a, Flor y Ra\u00edz es un testimonio del v\u00ednculo perdurable entre la naturaleza y la ingenio humano. Nuestro nombre, que significa \"flor y ra\u00edces\", refleja nuestro profundo respeto por el mundo natural y nuestra dedicaci\u00f3n a aprovechar su poder. Nuestro nombre, que significa \"flor y ra\u00edces\", refleja nuestro profundo respeto por el mundo natural y nuestra dedicaci\u00f3n a aprovechar su poder.\n<br><br>Al obtener nuestros productos a nivel global, conectamos la cultura e historia espa\u00f1olas con la oriental. Nuestra visi\u00f3n es ser l\u00edderes globales en pr\u00e1cticas agr\u00edcolas sostenibles, mejorando vidas a trav\u00e9s de la pureza de nuestros productos. Nos enorgullece ofrecer una amplia gama de azafr\u00e1n, medicinas herbales y equipos agr\u00edcolas, todos dise\u00f1ados para nutrir y sostener tanto a las personas como al planeta. Nuestra visi\u00f3n es ser l\u00edderes globales en pr\u00e1cticas agr\u00edcolas sostenibles, mejorando vidas a trav\u00e9s de la pureza de nuestros productos. Nos enorgullece ofrecer una amplia gama de azafr\u00e1n, medicinas herbales y equipos agr\u00edcolas, todos dise\u00f1ados para nutrir y sostener tanto a las personas como al planeta. Nos enorgullece ofrecer una amplia gama de azafr\u00e1n, medicinas herbales y equipos agr\u00edcolas, todos dise\u00f1ados para nutrir y sostener tanto a las personas como al planeta.\n\t\t\t\t\t<\/div>\n\t\t\t\t\t\t<\/div>\n\t\t\t\t<\/div>\n\t\t\t\t<\/div>\n\t\t<div class=\"elementor-element elementor-element-51ccb3a e-con-full e-flex e-con e-child\" data-id=\"51ccb3a\" data-element_type=\"container\" data-e-type=\"container\">\n\t\t\t\t<div class=\"elementor-element elementor-element-066d5b2 elementor-widget elementor-widget-wd_image_or_svg\" data-id=\"066d5b2\" data-element_type=\"widget\" data-e-type=\"widget\" data-widget_type=\"wd_image_or_svg.default\">\n\t\t\t\t<div class=\"elementor-widget-container\">\n\t\t\t\t\t\n\t\t<div class=\"wd-image text-left\">\n\t\t\t\t\t\t\t\t<img fetchpriority=\"high\" decoding=\"async\" width=\"1920\" height=\"1080\" src=\"https:\/\/floryraiz.com\/wp-content\/uploads\/2024\/09\/saffron-slider.jpg\" class=\"attachment-full size-full\" alt=\"\" srcset=\"https:\/\/floryraiz.com\/wp-content\/uploads\/2024\/09\/saffron-slider.jpg 1920w, https:\/\/floryraiz.com\/wp-content\/uploads\/2024\/09\/saffron-slider-150x84.jpg 150w, https:\/\/floryraiz.com\/wp-content\/uploads\/2024\/09\/saffron-slider-1200x675.jpg 1200w, https:\/\/floryraiz.com\/wp-content\/uploads\/2024\/09\/saffron-slider-300x169.jpg 300w, https:\/\/floryraiz.com\/wp-content\/uploads\/2024\/09\/saffron-slider-1024x576.jpg 1024w, https:\/\/floryraiz.com\/wp-content\/uploads\/2024\/09\/saffron-slider-768x432.jpg 768w, https:\/\/floryraiz.com\/wp-content\/uploads\/2024\/09\/saffron-slider-1536x864.jpg 1536w\" sizes=\"(max-width: 1920px) 100vw, 1920px\" \/>\t\t\t\t\t<\/div>\n\n\t\t\t\t\t\t<\/div>\n\t\t\t\t<\/div>\n\t\t\t\t<\/div>\n\t\t\t\t\t<\/div>\n\t\t\t\t<\/div>\n\t\t<div class=\"wd-negative-gap elementor-element elementor-element-05a4f08 wd-section-stretch-content e-flex e-con-boxed e-con e-parent\" data-id=\"05a4f08\" data-element_type=\"container\" data-e-type=\"container\" data-settings=\"{&quot;background_background&quot;:&quot;classic&quot;}\">\n\t\t\t\t\t<div class=\"e-con-inner\">\n\t\t\t\t<div class=\"elementor-element elementor-element-c01917d wd-width-100 elementor-widget elementor-widget-wd_images_gallery\" data-id=\"c01917d\" data-element_type=\"widget\" data-e-type=\"widget\" data-widget_type=\"wd_images_gallery.default\">\n\t\t\t\t<div class=\"elementor-widget-container\">\n\t\t\t\t\t\t\t<div class=\"wd-images-gallery wd-carousel-container\" style=\"--wd-align-items:center; --wd-justify-content:center;\">\n\t\t\t\t\t\t\t<div class=\"wd-carousel-inner\">\n\t\t\t\t\t\t<div class=\"wd-carousel wd-grid\" data-scroll_per_page=\"yes\" style=\"--wd-col-lg:5;--wd-col-md:4;--wd-col-sm:2;--wd-gap-lg:30px;--wd-gap-sm:10px;\">\n\t\t\t\t\t\t\t\t\t<div class=\"wd-carousel-wrap\">\n\t\t\t\t\t\t\t\t\t\t\t\t\t\t\t\t\t\t<div class=\"wd-gallery-item wd-carousel-item\">\n\t\t\t\t\t\t\n\t\t\t\t\t\t<img decoding=\"async\" width=\"600\" height=\"928\" src=\"https:\/\/floryraiz.com\/wp-content\/uploads\/2024\/10\/about-us-gallery-3.jpg\" class=\"attachment-full size-full\" alt=\"about-us-gallery-3\" srcset=\"https:\/\/floryraiz.com\/wp-content\/uploads\/2024\/10\/about-us-gallery-3.jpg 600w, https:\/\/floryraiz.com\/wp-content\/uploads\/2024\/10\/about-us-gallery-3-194x300.jpg 194w, https:\/\/floryraiz.com\/wp-content\/uploads\/2024\/10\/about-us-gallery-3-150x232.jpg 150w\" sizes=\"(max-width: 600px) 100vw, 600px\" \/>\n\t\t\t\t\t\t\t\t\t\t\t<\/div>\n\t\t\t\t\t\t\t\t\t\t\t\t\t\t\t<div class=\"wd-gallery-item wd-carousel-item\">\n\t\t\t\t\t\t\n\t\t\t\t\t\t<img decoding=\"async\" width=\"600\" height=\"729\" src=\"https:\/\/floryraiz.com\/wp-content\/uploads\/2024\/10\/about-us-gallery-4.jpg\" class=\"attachment-full size-full\" alt=\"about-us-gallery-4\" srcset=\"https:\/\/floryraiz.com\/wp-content\/uploads\/2024\/10\/about-us-gallery-4.jpg 600w, https:\/\/floryraiz.com\/wp-content\/uploads\/2024\/10\/about-us-gallery-4-247x300.jpg 247w, https:\/\/floryraiz.com\/wp-content\/uploads\/2024\/10\/about-us-gallery-4-150x182.jpg 150w\" sizes=\"(max-width: 600px) 100vw, 600px\" \/>\n\t\t\t\t\t\t\t\t\t\t\t<\/div>\n\t\t\t\t\t\t\t\t\t\t\t\t\t\t\t<div class=\"wd-gallery-item wd-carousel-item\">\n\t\t\t\t\t\t\n\t\t\t\t\t\t<img loading=\"lazy\" decoding=\"async\" width=\"600\" height=\"928\" src=\"https:\/\/floryraiz.com\/wp-content\/uploads\/2024\/10\/about-us-gallery-5.jpg\" class=\"attachment-full size-full\" alt=\"about-us-gallery-5\" srcset=\"https:\/\/floryraiz.com\/wp-content\/uploads\/2024\/10\/about-us-gallery-5.jpg 600w, https:\/\/floryraiz.com\/wp-content\/uploads\/2024\/10\/about-us-gallery-5-194x300.jpg 194w, https:\/\/floryraiz.com\/wp-content\/uploads\/2024\/10\/about-us-gallery-5-150x232.jpg 150w\" sizes=\"(max-width: 600px) 100vw, 600px\" \/>\n\t\t\t\t\t\t\t\t\t\t\t<\/div>\n\t\t\t\t\t\t\t\t\t\t\t\t\t\t\t<div class=\"wd-gallery-item wd-carousel-item\">\n\t\t\t\t\t\t\n\t\t\t\t\t\t<img loading=\"lazy\" decoding=\"async\" width=\"600\" height=\"729\" src=\"https:\/\/floryraiz.com\/wp-content\/uploads\/2024\/10\/about-us-gallery-2.jpg\" class=\"attachment-full size-full\" alt=\"about-us-gallery-2\" srcset=\"https:\/\/floryraiz.com\/wp-content\/uploads\/2024\/10\/about-us-gallery-2.jpg 600w, https:\/\/floryraiz.com\/wp-content\/uploads\/2024\/10\/about-us-gallery-2-247x300.jpg 247w, https:\/\/floryraiz.com\/wp-content\/uploads\/2024\/10\/about-us-gallery-2-150x182.jpg 150w\" sizes=\"(max-width: 600px) 100vw, 600px\" \/>\n\t\t\t\t\t\t\t\t\t\t\t<\/div>\n\t\t\t\t\t\t\t\t\t\t\t\t\t\t\t<div class=\"wd-gallery-item wd-carousel-item\">\n\t\t\t\t\t\t\n\t\t\t\t\t\t<img decoding=\"async\" width=\"600\" height=\"928\" src=\"https:\/\/floryraiz.com\/wp-content\/uploads\/2024\/10\/about-us-gallery-3.jpg\" class=\"attachment-full size-full\" alt=\"about-us-gallery-3\" srcset=\"https:\/\/floryraiz.com\/wp-content\/uploads\/2024\/10\/about-us-gallery-3.jpg 600w, https:\/\/floryraiz.com\/wp-content\/uploads\/2024\/10\/about-us-gallery-3-194x300.jpg 194w, https:\/\/floryraiz.com\/wp-content\/uploads\/2024\/10\/about-us-gallery-3-150x232.jpg 150w\" sizes=\"(max-width: 600px) 100vw, 600px\" \/>\n\t\t\t\t\t\t\t\t\t\t\t<\/div>\n\t\t\t\t\t\t\t\t\t\t\t\t\t\t\t\t<\/div>\n\t\t\t\t\t\t\t\t<\/div>\n\t\t\t\t\t\t\t\t\t\t\t\t\t\t<div class=\"wd-nav-arrows wd-pos-sep wd-hover-1 wd-icon-1\">\n\t\t\t<div class=\"wd-btn-arrow wd-prev wd-disabled\">\n\t\t\t\t<div class=\"wd-arrow-inner\"><\/div>\n\t\t\t<\/div>\n\t\t\t<div class=\"wd-btn-arrow wd-next\">\n\t\t\t\t<div class=\"wd-arrow-inner\"><\/div>\n\t\t\t<\/div>\n\t\t<\/div>\n\t\t\t\t\t\t\n\t\t\t\t<\/div>\n\n\t\t\t\t\t\t\t\t\t\t\t\t\t<\/div>\n\t\t\t\t\t\t<\/div>\n\t\t\t\t<\/div>\n\t\t\t\t<div class=\"elementor-element elementor-element-eec4b9e elementor-widget elementor-widget-wd_marquee\" data-id=\"eec4b9e\" data-element_type=\"widget\" data-e-type=\"widget\" data-widget_type=\"wd_marquee.default\">\n\t\t\t\t<div class=\"elementor-widget-container\">\n\t\t\t\t\t\t\t<div class=\"wd-marquee \">\n\t\t\t<div class=\"wd-marquee-content\">\n\t\t\t\t\t\t\t<span class=\"wd-marquee-item\">\n\t\t\t\t\n\t\t\t\t\t\t\t\t\tAzafr\u00e1n Puro y Org\u00e1nico para el D\u00eda a D\u00eda\t\t\t\t\n\t\t\t\t\t\t\t<\/span>\n\t\t\t\t\t\t<\/div>\n\t\t\t<div class=\"wd-marquee-content\">\n\t\t\t\t\t\t\t<span class=\"wd-marquee-item\">\n\t\t\t\t\n\t\t\t\t\t\t\t\t\tAzafr\u00e1n Puro y Org\u00e1nico para el D\u00eda a D\u00eda\t\t\t\t\n\t\t\t\t\t\t\t<\/span>\n\t\t\t\t\t\t<\/div>\n\t\t<\/div>\n\t\t\t\t\t\t<\/div>\n\t\t\t\t<\/div>\n\t\t\t\t\t<\/div>\n\t\t\t\t<\/div>\n\t\t<div class=\"wd-negative-gap elementor-element elementor-element-78ff699 e-flex e-con-boxed e-con e-parent\" data-id=\"78ff699\" data-element_type=\"container\" data-e-type=\"container\">\n\t\t\t\t\t<div class=\"e-con-inner\">\n\t\t<div class=\"elementor-element elementor-element-9d092cc e-con-full e-flex e-con e-child\" data-id=\"9d092cc\" data-element_type=\"container\" data-e-type=\"container\">\n\t\t<div class=\"elementor-element elementor-element-1eedc19 e-con-full e-flex e-con e-child\" data-id=\"1eedc19\" data-element_type=\"container\" data-e-type=\"container\">\n\t\t\t\t<div class=\"elementor-element elementor-element-77fc186 elementor-widget elementor-widget-wd_image_or_svg\" data-id=\"77fc186\" data-element_type=\"widget\" data-e-type=\"widget\" data-widget_type=\"wd_image_or_svg.default\">\n\t\t\t\t<div class=\"elementor-widget-container\">\n\t\t\t\t\t\n\t\t<div class=\"wd-image text-left\">\n\t\t\t\t\t\t\t\t<img decoding=\"async\"  src=\"https:\/\/floryraiz.com\/wp-content\/uploads\/2024\/10\/flower-crocus.svg\" title=\"flower-crocus\" loading=\"lazy\" width=\"120\">\t\t\t\t\t<\/div>\n\n\t\t\t\t\t\t<\/div>\n\t\t\t\t<\/div>\n\t\t\t\t<div class=\"elementor-element elementor-element-41f0dc0 wd-width-100 elementor-widget elementor-widget-wd_title\" data-id=\"41f0dc0\" data-element_type=\"widget\" data-e-type=\"widget\" data-widget_type=\"wd_title.default\">\n\t\t\t\t<div class=\"elementor-widget-container\">\n\t\t\t\t\t\t\t<div class=\"title-wrapper wd-set-mb reset-last-child wd-title-color-default wd-title-style-default wd-title-size-default text-left\">\n\n\t\t\t\n\t\t\t<div class=\"liner-continer\">\n\t\t\t\t<h4 class=\"woodmart-title-container title wd-fontsize-l\">Nuestra Misi\u00f3n<\/h4> \n\t\t\t\t\t\t\t<\/div>\n\n\t\t\t\t\t<\/div>\n\t\t\t\t\t\t<\/div>\n\t\t\t\t<\/div>\n\t\t\t\t<div class=\"elementor-element elementor-element-40f5bb8 elementor-widget elementor-widget-wd_text_block\" data-id=\"40f5bb8\" data-element_type=\"widget\" data-e-type=\"widget\" data-widget_type=\"wd_text_block.default\">\n\t\t\t\t<div class=\"elementor-widget-container\">\n\t\t\t\t\t\t\t<div class=\"wd-text-block reset-last-child text-left\">\n\t\t\t\n\t\t\tEn Flor y Ra\u00edz, nuestra misi\u00f3n es cultivar una relaci\u00f3n armoniosa entre la naturaleza y el bienestar, mientras conectamos el patrimonio cultural. Nos dedicamos a proporcionar productos naturales, org\u00e1nicos y sostenibles que honran nuestra conexi\u00f3n con la tierra y las ricas historias de Espa\u00f1a y Oriente. Nuestro compromiso con la calidad y la gesti\u00f3n ambiental asegura que cada producto que ofrecemos promueva un futuro m\u00e1s saludable y verde.\n\t\t\t\t\t<\/div>\n\t\t\t\t\t\t<\/div>\n\t\t\t\t<\/div>\n\t\t\t\t<\/div>\n\t\t<div class=\"elementor-element elementor-element-d0379f6 e-con-full e-flex e-con e-child\" data-id=\"d0379f6\" data-element_type=\"container\" data-e-type=\"container\">\n\t\t\t\t<div class=\"elementor-element elementor-element-fd62e09 elementor-widget elementor-widget-wd_image_or_svg\" data-id=\"fd62e09\" data-element_type=\"widget\" data-e-type=\"widget\" data-widget_type=\"wd_image_or_svg.default\">\n\t\t\t\t<div class=\"elementor-widget-container\">\n\t\t\t\t\t\n\t\t<div class=\"wd-image text-left\">\n\t\t\t\t\t\t\t\t<img loading=\"lazy\" decoding=\"async\" width=\"370\" height=\"520\" src=\"https:\/\/floryraiz.com\/wp-content\/uploads\/2024\/10\/mission-1.jpg\" class=\"attachment-full size-full\" alt=\"\" srcset=\"https:\/\/floryraiz.com\/wp-content\/uploads\/2024\/10\/mission-1.jpg 370w, https:\/\/floryraiz.com\/wp-content\/uploads\/2024\/10\/mission-1-213x300.jpg 213w, https:\/\/floryraiz.com\/wp-content\/uploads\/2024\/10\/mission-1-150x211.jpg 150w\" sizes=\"(max-width: 370px) 100vw, 370px\" \/>\t\t\t\t\t<\/div>\n\n\t\t\t\t\t\t<\/div>\n\t\t\t\t<\/div>\n\t\t\t\t<div class=\"elementor-element elementor-element-f410d23 elementor-widget elementor-widget-wd_image_or_svg\" data-id=\"f410d23\" data-element_type=\"widget\" data-e-type=\"widget\" data-widget_type=\"wd_image_or_svg.default\">\n\t\t\t\t<div class=\"elementor-widget-container\">\n\t\t\t\t\t\n\t\t<div class=\"wd-image text-left\">\n\t\t\t\t\t\t\t\t<img loading=\"lazy\" decoding=\"async\" width=\"370\" height=\"520\" src=\"https:\/\/floryraiz.com\/wp-content\/uploads\/2024\/10\/mission-2.jpg\" class=\"attachment-full size-full\" alt=\"\" srcset=\"https:\/\/floryraiz.com\/wp-content\/uploads\/2024\/10\/mission-2.jpg 370w, https:\/\/floryraiz.com\/wp-content\/uploads\/2024\/10\/mission-2-213x300.jpg 213w, https:\/\/floryraiz.com\/wp-content\/uploads\/2024\/10\/mission-2-150x211.jpg 150w\" sizes=\"(max-width: 370px) 100vw, 370px\" \/>\t\t\t\t\t<\/div>\n\n\t\t\t\t\t\t<\/div>\n\t\t\t\t<\/div>\n\t\t\t\t<\/div>\n\t\t\t\t<\/div>\n\t\t\t\t<div class=\"elementor-element elementor-element-5ac8995 elementor-widget elementor-widget-wd_infobox_carousel\" data-id=\"5ac8995\" data-element_type=\"widget\" data-e-type=\"widget\" data-widget_type=\"wd_infobox_carousel.default\">\n\t\t\t\t<div class=\"elementor-widget-container\">\n\t\t\t\t\t\t\t<div class=\"wd-carousel-container info-box-carousel-wrapper\">\n\t\t\t<div class=\"wd-carousel-inner\">\n\t\t\t\t<div class=\"wd-carousel wd-grid info-box-carousel\" data-scroll_per_page=\"yes\" style=\"--wd-col-lg:3;--wd-col-md:2;--wd-col-sm:1;--wd-gap-lg:30px;--wd-gap-sm:10px;\">\n\t\t\t\t\t<div class=\"wd-carousel-wrap\">\n\t\t\t\t\t\t\t\t\t\t\t\t\t\t\t\t\t\t\t\t\t\t<div class=\"info-box-wrapper wd-carousel-item\">\n\t\t\t<div class=\"wd-info-box text-center box-icon-align-top box-style-base color-scheme-  elementor-repeater-item-1c2d243\">\n\t\t\t\t\t\t\t\t\t<div class=\"box-icon-wrapper  box-with-icon box-icon-with-bg\">\n\t\t\t\t\t\t<div class=\"info-box-icon\">\n\t\t\t\t\t\t\t\t\t\t\t\t\t\t\t<div class=\"info-svg-wrapper\" style=\"width:40px; height:40px;\"><img loading=\"lazy\" decoding=\"async\"  src=\"https:\/\/floryraiz.com\/wp-content\/uploads\/2024\/08\/icon-home-1.svg\" title=\"icon-home-1\" loading=\"lazy\" width=\"40\" height=\"40\"><\/div>\t\t\t\t\t\t\t\t\t\t\t\t\t<\/div>\n\t\t\t\t\t<\/div>\n\t\t\t\t\n\t\t\t\t<div class=\"info-box-content\">\n\t\t\t\t\t\n\t\t\t\t\t\t\t\t\t\t\t<h4\t\t\t\t\t\tclass=\"info-box-title title box-title-style-default wd-fontsize-s\" data-elementor-setting-key=\"title\">\n\t\t\t\t\t\t\t\tOrg\u00e1nico\t\t\t\t\t\t<\/h4>\n\t\t\t\t\t\n\t\t\t\t\t<div class=\"info-box-inner reset-last-child\"data-elementor-setting-key=\"content\"><p>Cultivado sin qu\u00edmicos sint\u00e9ticos ni pesticidas, los productos org\u00e1nicos apoyan ecosistemas m\u00e1s saludables y fomentan la biodiversidad natural.<\/p>\n<\/div>\n\n\t\t\t\t\t\t\t\t\t<\/div>\n\n\t\t\t\t\t\t\t<\/div>\n\t\t<\/div>\n\t\t\t\t\t\t\t\t\t\t\t\t\t\t\t\t\t\t\t\t\t\t\t\t<div class=\"info-box-wrapper wd-carousel-item\">\n\t\t\t<div class=\"wd-info-box text-center box-icon-align-top box-style-base color-scheme-  elementor-repeater-item-4b7c8dd\">\n\t\t\t\t\t\t\t\t\t<div class=\"box-icon-wrapper  box-with-icon box-icon-with-bg\">\n\t\t\t\t\t\t<div class=\"info-box-icon\">\n\t\t\t\t\t\t\t\t\t\t\t\t\t\t\t<div class=\"info-svg-wrapper\" style=\"width:40px; height:40px;\"><img loading=\"lazy\" decoding=\"async\"  src=\"https:\/\/floryraiz.com\/wp-content\/uploads\/2024\/08\/icon-home-3.svg\" title=\"icon-home-3\" loading=\"lazy\" width=\"40\" height=\"40\"><\/div>\t\t\t\t\t\t\t\t\t\t\t\t\t<\/div>\n\t\t\t\t\t<\/div>\n\t\t\t\t\n\t\t\t\t<div class=\"info-box-content\">\n\t\t\t\t\t\n\t\t\t\t\t\t\t\t\t\t\t<h4\t\t\t\t\t\tclass=\"info-box-title title box-title-style-default wd-fontsize-s\" data-elementor-setting-key=\"title\">\n\t\t\t\t\t\t\t\tNatural\t\t\t\t\t\t<\/h4>\n\t\t\t\t\t\n\t\t\t\t\t<div class=\"info-box-inner reset-last-child\"data-elementor-setting-key=\"content\"><p>Derivados de la naturaleza con un procesamiento m\u00ednimo, los productos naturales conservan sus propiedades originales para un uso seguro y ecol\u00f3gico.<\/p>\n<\/div>\n\n\t\t\t\t\t\t\t\t\t<\/div>\n\n\t\t\t\t\t\t\t<\/div>\n\t\t<\/div>\n\t\t\t\t\t\t\t\t\t\t\t\t\t\t\t\t\t\t\t\t\t\t\t\t<div class=\"info-box-wrapper wd-carousel-item\">\n\t\t\t<div class=\"wd-info-box text-center box-icon-align-top box-style-base color-scheme-  elementor-repeater-item-bf21f17\">\n\t\t\t\t\t\t\t\t\t<div class=\"box-icon-wrapper  box-with-icon box-icon-with-bg\">\n\t\t\t\t\t\t<div class=\"info-box-icon\">\n\t\t\t\t\t\t\t\t\t\t\t\t\t\t\t<div class=\"info-svg-wrapper\" style=\"width:40px; height:40px;\"><img loading=\"lazy\" decoding=\"async\"  src=\"https:\/\/floryraiz.com\/wp-content\/uploads\/2024\/08\/icon-home-2.svg\" title=\"icon-home-2\" loading=\"lazy\" width=\"40\" height=\"40\"><\/div>\t\t\t\t\t\t\t\t\t\t\t\t\t<\/div>\n\t\t\t\t\t<\/div>\n\t\t\t\t\n\t\t\t\t<div class=\"info-box-content\">\n\t\t\t\t\t\n\t\t\t\t\t\t\t\t\t\t\t<h4\t\t\t\t\t\tclass=\"info-box-title title box-title-style-default wd-fontsize-s\" data-elementor-setting-key=\"title\">\n\t\t\t\t\t\t\t\tSostenible\t\t\t\t\t\t<\/h4>\n\t\t\t\t\t\n\t\t\t\t\t<div class=\"info-box-inner reset-last-child\"data-elementor-setting-key=\"content\"><p>Satisfaciendo las necesidades actuales sin agotar los recursos, la sostenibilidad asegura el equilibrio ambiental a largo plazo y el bienestar de las futuras generaciones.<\/p>\n<\/div>\n\n\t\t\t\t\t\t\t\t\t<\/div>\n\n\t\t\t\t\t\t\t<\/div>\n\t\t<\/div>\n\t\t\t\t\t\t\t\t\t\t\t\t\t<\/div>\n\t\t\t\t<\/div>\n\n\t\t\t\t\t\t\t\t\t\t\t<div class=\"wd-nav-arrows wd-pos-sep wd-hover-1 wd-icon-1\">\n\t\t\t<div class=\"wd-btn-arrow wd-prev wd-disabled\">\n\t\t\t\t<div class=\"wd-arrow-inner\"><\/div>\n\t\t\t<\/div>\n\t\t\t<div class=\"wd-btn-arrow wd-next\">\n\t\t\t\t<div class=\"wd-arrow-inner\"><\/div>\n\t\t\t<\/div>\n\t\t<\/div>\n\t\t\t\t\t\t\t\t\t<\/div>\n\n\t\t\t\t\t<div class=\"wd-nav-pagin-wrap text-center wd-style-shape wd-hide-md-sm wd-hide-sm\">\n\t\t\t<ul class=\"wd-nav-pagin\"><\/ul>\n\t\t<\/div>\n\t\t\t\t\t\t\t<\/div>\n\t\t\t\t\t\t<\/div>\n\t\t\t\t<\/div>\n\t\t\t\t\t<\/div>\n\t\t\t\t<\/div>\n\t\t<div class=\"elementor-element elementor-element-d13a529 e-flex e-con-boxed e-con e-parent\" data-id=\"d13a529\" data-element_type=\"container\" data-e-type=\"container\">\n\t\t\t\t\t<div class=\"e-con-inner\">\n\t\t\t\t<div class=\"elementor-element elementor-element-8e614f2 wd-width-100 elementor-widget elementor-widget-wd_title\" data-id=\"8e614f2\" data-element_type=\"widget\" data-e-type=\"widget\" data-widget_type=\"wd_title.default\">\n\t\t\t\t<div class=\"elementor-widget-container\">\n\t\t\t\t\t\t\t<div class=\"title-wrapper wd-set-mb reset-last-child wd-title-color-default wd-title-style-default wd-title-size-default text-center\">\n\n\t\t\t\t\t\t\t\t\t\t\t<div class=\"title-subtitle subtitle-color-default subtitle-style-default wd-fontsize-xs\">\n\t\t\t\t\tQui\u00e9nes somos\t\t\t\t<\/div>\n\t\t\t\n\t\t\t<div class=\"liner-continer\">\n\t\t\t\t<h2 class=\"woodmart-title-container title wd-fontsize-l\">Nuestros fundadores<\/h2> \n\t\t\t\t\t\t\t<\/div>\n\n\t\t\t\t\t<\/div>\n\t\t\t\t\t\t<\/div>\n\t\t\t\t<\/div>\n\t\t\t\t<div class=\"elementor-element elementor-element-700cc25 elementor-widget elementor-widget-wd_text_block\" data-id=\"700cc25\" data-element_type=\"widget\" data-e-type=\"widget\" data-widget_type=\"wd_text_block.default\">\n\t\t\t\t<div class=\"elementor-widget-container\">\n\t\t\t\t\t\t\t<div class=\"wd-text-block reset-last-child text-center\">\n\t\t\t\n\t\t\t Flor y Ra\u00edz fue fundada por un equipo de personas apasionadas con amplia experiencia en el cultivo y distribuci\u00f3n de productos de azafr\u00e1n. Nuestras fuentes han dedicado muchos a\u00f1os a dominar el arte del cultivo del azafr\u00e1n, garantizando que s\u00f3lo el azafr\u00e1n de la m\u00e1s alta calidad llegue a nuestros clientes. Con tambi\u00e9n experiencia en relaciones internacionales y turismo, aportamos una perspectiva \u00fanica a nuestro negocio, combinando el amor por la cultura y la naturaleza con el compromiso con la excelencia. Nuestras experiencias globales han convertido a Flor y Ra\u00edz en una empresa que valora la tradici\u00f3n al tiempo que abraza la innovaci\u00f3n, creando un puente entre la rica herencia del azafr\u00e1n y las pr\u00e1cticas agr\u00edcolas modernas.\n\t\t\t\t\t<\/div>\n\t\t\t\t\t\t<\/div>\n\t\t\t\t<\/div>\n\t\t\t\t\t<\/div>\n\t\t\t\t<\/div>\n\t\t<div class=\"wd-negative-gap elementor-element elementor-element-d57715e wd-section-stretch e-flex e-con-boxed e-con e-parent\" data-id=\"d57715e\" data-element_type=\"container\" data-e-type=\"container\" data-settings=\"{&quot;background_background&quot;:&quot;classic&quot;}\">\n\t\t\t\t\t<div class=\"e-con-inner\">\n\t\t<div class=\"elementor-element elementor-element-0b4e8fe e-con-full e-flex e-con e-child\" data-id=\"0b4e8fe\" data-element_type=\"container\" data-e-type=\"container\">\n\t\t\t\t<div class=\"elementor-element elementor-element-489e308 wd-width-100 elementor-widget elementor-widget-wd_title\" data-id=\"489e308\" data-element_type=\"widget\" data-e-type=\"widget\" data-widget_type=\"wd_title.default\">\n\t\t\t\t<div class=\"elementor-widget-container\">\n\t\t\t\t\t\t\t<div class=\"title-wrapper wd-set-mb reset-last-child wd-title-color-default wd-title-style-default wd-title-size-default text-center\">\n\n\t\t\t\n\t\t\t<div class=\"liner-continer\">\n\t\t\t\t<h4 class=\"woodmart-title-container title wd-fontsize-l\">Nuestros Productos<\/h4> \n\t\t\t\t\t\t\t<\/div>\n\n\t\t\t\t\t<\/div>\n\t\t\t\t\t\t<\/div>\n\t\t\t\t<\/div>\n\t\t\t\t<div class=\"elementor-element elementor-element-ed67692 elementor-widget elementor-widget-wd_text_block\" data-id=\"ed67692\" data-element_type=\"widget\" data-e-type=\"widget\" data-widget_type=\"wd_text_block.default\">\n\t\t\t\t<div class=\"elementor-widget-container\">\n\t\t\t\t\t\t\t<div class=\"wd-text-block reset-last-child text-center\">\n\t\t\t\n\t\t\tExplora nuestra diversa gama de productos premium, desde azafr\u00e1n puro y plantas medicinales tradicionales hasta equipos agr\u00edcolas avanzados, todos dise\u00f1ados para mejorar tu bienestar y apoyar la agricultura sostenible.\n\nDescubre m\u00e1s visitando nuestra p\u00e1gina de productos para obtener informaci\u00f3n detallada.\n\t\t\t\t\t<\/div>\n\t\t\t\t\t\t<\/div>\n\t\t\t\t<\/div>\n\t\t\t\t<div class=\"elementor-element elementor-element-fe1e6eb elementor-widget elementor-widget-wd_button\" data-id=\"fe1e6eb\" data-element_type=\"widget\" data-e-type=\"widget\" data-widget_type=\"wd_button.default\">\n\t\t\t\t<div class=\"elementor-widget-container\">\n\t\t\t\t\t\t\t<div class=\"wd-button-wrapper text-center\" >\n\t\t\t<a class=\"btn btn-style-default btn-shape-round btn-size-large btn-color-primary btn-icon-pos-right\"  href=\"https:\/\/floryraiz.com\/es\/productos\/\">\n\t\t\t\t<span class=\"wd-btn-text\" data-elementor-setting-key=\"text\">\n\t\t\t\t\tExplorar\t\t\t\t<\/span>\n\n\t\t\t\t\t\t\t<\/a>\n\t\t<\/div>\n\t\t\t\t\t\t<\/div>\n\t\t\t\t<\/div>\n\t\t\t\t<\/div>\n\t\t\t\t\t<\/div>\n\t\t\t\t<\/div>\n\t\t\t\t<\/div>\n\t\t","protected":false},"excerpt":{"rendered":"<p>Flor y Ra\u00edz: Donde la Esencia de la Naturaleza Florece desde las Ra\u00edces. Fundada en Espa\u00f1a, Flor y Ra\u00edz es<\/p>\n","protected":false},"author":1,"featured_media":0,"parent":0,"menu_order":0,"comment_status":"closed","ping_status":"closed","template":"","meta":{"footnotes":""},"class_list":["post-2063","page","type-page","status-publish","hentry"],"_links":{"self":[{"href":"https:\/\/floryraiz.com\/es\/wp-json\/wp\/v2\/pages\/2063","targetHints":{"allow":["GET"]}}],"collection":[{"href":"https:\/\/floryraiz.com\/es\/wp-json\/wp\/v2\/pages"}],"about":[{"href":"https:\/\/floryraiz.com\/es\/wp-json\/wp\/v2\/types\/page"}],"author":[{"embeddable":true,"href":"https:\/\/floryraiz.com\/es\/wp-json\/wp\/v2\/users\/1"}],"replies":[{"embeddable":true,"href":"https:\/\/floryraiz.com\/es\/wp-json\/wp\/v2\/comments?post=2063"}],"version-history":[{"count":2,"href":"https:\/\/floryraiz.com\/es\/wp-json\/wp\/v2\/pages\/2063\/revisions"}],"predecessor-version":[{"id":2065,"href":"https:\/\/floryraiz.com\/es\/wp-json\/wp\/v2\/pages\/2063\/revisions\/2065"}],"wp:attachment":[{"href":"https:\/\/floryraiz.com\/es\/wp-json\/wp\/v2\/media?parent=2063"}],"curies":[{"name":"wp","href":"https:\/\/api.w.org\/{rel}","templated":true}]}}